{"id":830,"date":"2014-06-30T08:11:54","date_gmt":"2014-06-30T06:11:54","guid":{"rendered":"http:\/\/kanu-club-mannheim.de\/?page_id=830"},"modified":"2024-11-14T08:55:48","modified_gmt":"2024-11-14T07:55:48","slug":"statische-startseite","status":"publish","type":"page","link":"https:\/\/kanu-club-mannheim.de\/?page_id=830","title":{"rendered":"\u00dcber uns"},"content":{"rendered":"<h1>Willkommen auf der Homepage des Kanu Club Mannheim<\/h1>\n<h1><\/h1>\n<h1><\/h1>\n<h1>Verein<\/h1>\n<div>\n<p>Der 1926 gegr\u00fcndete Kanu-Club Mannheim ist ein gemeinn\u00fctziger Sportverein mittlerer Gr\u00f6\u00dfe mit ca. 200 Mitgliedern. Die Altersstruktur ist vom Kleinkind bis zum Rentner bunt gemischt. Die sportlichen Aktivit\u00e4ten bewegen sich durchweg im Breitensportbereich. Der Kanu-Club Mannheim ist dem Baden-W\u00fcrttembergischen Kanu-Verband (KVBW) und dem Badischen Sportbund angeschlossen. Er besitzt ein Bootshaus und einen gro\u00dfen Bootsbestand mit Zubeh\u00f6r. Die sportlichen Aktivit\u00e4ten reichen von Wanderfahrten \u00fcber Wildwassertouren bis zu Kanu-Polo und Drachenboot. Als Ausgleichssport steht im Winter\u00a0Fitness- und Koordinationsgymnastik\u00a0auf dem Programm. Feste, Wanderungen, Radtouren und Vortragsabende runden das Angebot ab. Wir m\u00f6chten jeden Interessierten einladen, uns und unseren Verein kennen zu lernen.<\/p>\n<h2>5 gute Gr\u00fcnde, weshalb Sie sich gleich zu uns aufmachen sollten:<\/h2>\n<h2>Sport treiben<\/h2>\n<p>Im Sommer sowie im Winter auf dem Wasser von B\u00e4chen, Fl\u00fcssen und Seen in der n\u00e4heren und weiteren Umgebung.<\/p>\n<h2>Freunde treffen<\/h2>\n<p>Regelm\u00e4\u00dfige Treffen finden am Donnerstag Nachmittag statt.<\/p>\n<h2>Equipment nutzen<\/h2>\n<p>Neben zahlreichen Bootsmaterial, Schwimmwesten, Bootsanh\u00e4nger, usw. zum Ausleihen bietet der Verein f\u00fcr die pers\u00f6nliche Ausr\u00fcstung Bootspl\u00e4tze und Aufbewahrungsm\u00f6glichkeiten.<\/p>\n<h2>Informationen erhalten<\/h2>\n<p>Mindestens 3 mal im Jahr kommt das Rundschreiben per email ins Haus. Daneben werden Zeitschriften, Literatur und Videos bereit gehalten. Au\u00dferdem gibt es auf unserer Homepage jede Menge interessanter Links zum Thema Paddeln.<\/p>\n<h2>Verg\u00fcnstigungen erhalten<\/h2>\n<p>Die Kanu-Verb\u00e4nde bieten Waren und Dienstleitungen verschiedenster Art an ( B\u00fccher, Kalender, Bekleidung, Schulung und Kurse, Campingpl\u00e4tze, etc.) die an unsere Mitglieder verbilligt abgegeben werden.<\/p>\n<\/div>\n<h1><\/h1>\n","protected":false},"excerpt":{"rendered":"<p>Willkommen auf der Homepage des Kanu Club Mannheim Verein Der 1926 gegr\u00fcndete Kanu-Club Mannheim ist ein gemeinn\u00fctziger Sportverein mittlerer Gr\u00f6\u00dfe mit ca. 200 Mitgliedern. Die Altersstruktur ist vom Kleinkind bis\u2026 <a class=\"continue-reading-link\" href=\"https:\/\/kanu-club-mannheim.de\/?page_id=830\">Weiterlesen<\/a><\/p>\n","protected":false},"author":1,"featured_media":0,"parent":0,"menu_order":0,"comment_status":"closed","ping_status":"closed","template":"","meta":{"jetpack_post_was_ever_published":false,"footnotes":""},"class_list":["post-830","page","type-page","status-publish","hentry"],"jetpack_sharing_enabled":true,"jetpack_shortlink":"https:\/\/wp.me\/P53E6D-do","_links":{"self":[{"href":"https:\/\/kanu-club-mannheim.de\/index.php?rest_route=\/wp\/v2\/pages\/830","targetHints":{"allow":["GET"]}}],"collection":[{"href":"https:\/\/kanu-club-mannheim.de\/index.php?rest_route=\/wp\/v2\/pages"}],"about":[{"href":"https:\/\/kanu-club-mannheim.de\/index.php?rest_route=\/wp\/v2\/types\/page"}],"author":[{"embeddable":true,"href":"https:\/\/kanu-club-mannheim.de\/index.php?rest_route=\/wp\/v2\/users\/1"}],"replies":[{"embeddable":true,"href":"https:\/\/kanu-club-mannheim.de\/index.php?rest_route=%2Fwp%2Fv2%2Fcomments&post=830"}],"version-history":[{"count":21,"href":"https:\/\/kanu-club-mannheim.de\/index.php?rest_route=\/wp\/v2\/pages\/830\/revisions"}],"predecessor-version":[{"id":3192,"href":"https:\/\/kanu-club-mannheim.de\/index.php?rest_route=\/wp\/v2\/pages\/830\/revisions\/3192"}],"wp:attachment":[{"href":"https:\/\/kanu-club-mannheim.de\/index.php?rest_route=%2Fwp%2Fv2%2Fmedia&parent=830"}],"curies":[{"name":"wp","href":"https:\/\/api.w.org\/{rel}","templated":true}]}}