{"id":63,"date":"2012-11-14T20:13:29","date_gmt":"2012-11-14T19:13:29","guid":{"rendered":"http:\/\/kanu-club-mannheim.de\/?page_id=63"},"modified":"2021-05-25T10:40:34","modified_gmt":"2021-05-25T08:40:34","slug":"angebote","status":"publish","type":"page","link":"https:\/\/kanu-club-mannheim.de\/?page_id=63","title":{"rendered":"Angebote"},"content":{"rendered":"<h2>Angebote<\/h2>\n<div>\n<p>Jeden Neuling besch\u00e4ftigt die Frage, wie denn nun in einem Kanu gerudert wird. Die Antwort ist f\u00fcr die Meisten ebenso \u00fcberraschend wie simpel: Gar nicht !<br \/>\nBeim Kanu-Sport spricht man hinsichtlich dessen Aus\u00fcbung vom Paddeln. Gerudert wird nur in Ruderbooten. Bewegungsabl\u00e4ufe, Sportger\u00e4te und Training sind v\u00f6llig unterschiedlich. Augenf\u00e4llig ist wohl am ehesten, dass Kanuten, im Gegensatz zu den Rudersportlern, immer in Fahrtrichtung blicken. Der Rudersport ist l\u00e4ngst nicht so vielf\u00e4ltig.\u00a0Wildwasser\u00a0oder\u00a0Polo\u00a0sind mit dem Ruderboot einfach unm\u00f6glich. Im Gegensatz zum Ruderboot, wo das Blatt am Boot fixiert ist, hat man beim Kanu-Sport das Paddel in der Hand. Innerhalb des Kanu-Sportes gibt es nochmals eine Unterteilung zwischen Canadier und Kajak. Der Canadier wird mit einem Stechpaddel gefahren. Der Anblick ist aus zahlreichen Indianer-Filmen bekannt. Ein echter Canadier-Fahrer kniet im Boot. Gesteuert wird der Canadier im Heck mit einem Steuerschlag, der auch J-Schlag genannt wird. Der Canadier eignet sich f\u00fcr Wander- und Wildwasserfahrten. Aufgrund der hohen Zuladung ist er f\u00fcr Gep\u00e4ckfahrten besonders geeignet. Zum Transport von G\u00fctern und Menschen wurde er schlie\u00dflich durch Naturv\u00f6lker in verschiedenen Teilen der Erden unabh\u00e4ngig voneinander konzipiert und stetig weiter entwickelt.<\/p>\n<div>\n<p>Noch j\u00fcnger ist der\u00a0<a title=\"Drachenbootteam \u201cDie Rheinpiraten\u201d\" href=\"https:\/\/kanu-club-mannheim.de\/?page_id=138\">Drachenboot<\/a>\u00a0Sport nach Deutschland gekommen.<\/p>\n<p><img loading=\"lazy\" decoding=\"async\" class=\" wp-image-1974 alignleft\" src=\"https:\/\/kanu-club-mannheim.de\/wp-content\/uploads\/2018\/05\/7-300x169.jpg\" alt=\"\" width=\"257\" height=\"145\" srcset=\"https:\/\/kanu-club-mannheim.de\/wp-content\/uploads\/2018\/05\/7-300x169.jpg 300w, https:\/\/kanu-club-mannheim.de\/wp-content\/uploads\/2018\/05\/7-600x338.jpg 600w, https:\/\/kanu-club-mannheim.de\/wp-content\/uploads\/2018\/05\/7-250x141.jpg 250w, https:\/\/kanu-club-mannheim.de\/wp-content\/uploads\/2018\/05\/7-150x84.jpg 150w, https:\/\/kanu-club-mannheim.de\/wp-content\/uploads\/2018\/05\/7.jpg 640w\" sizes=\"auto, (max-width: 257px) 100vw, 257px\" \/><\/p>\n<p>Paddeln ist ein Sport f\u00fcr Jung und Alt. Er kann von Kindesbeinen bis ins hohe Alter ausge\u00fcbt werden und verbindet dort die unterschiedlichen Altersgruppen.<\/p>\n<p>Im\u00a0Terminkalender\u00a0sind alle Vereinsaktivit\u00e4ten aufgef\u00fchrt. Hat man eine interessante Tour ersp\u00e4ht, sollte man auf jeden Fall zur Fahrtenbesprechung erscheinen. Die Besprechungen finden immer am Donnerstag\u00a0vor der Fahrt\u00a0 im\u00a0Bootshaus\u00a0statt. Dort werden alle wichtigen Informationen zu den jeweiligen Veranstaltungen gegeben. Es bietet sich au\u00dferdem die Gelegenheit genaue Routen, Camping-, Koch- oder Fahrgemeinschaften abzusprechen. Es findet sich dabei meist auch ein erfahrener Kanute, der auf den ersten Fahrten die individuelle Betreuung \u00fcbernimmt. Kurse sind ebenfalls m\u00f6glich. Hierzu empfiehlt sich die pers\u00f6nliche Kontaktaufnahme mit den Trainern und \u00dcbungsleitern bei einem der Clubabende. Der KCM verf\u00fcgt \u00fcber mehrere staatlich anerkannte \u00dcbungsleiter mit B-, C- und F-Lizenzen die auch regelm\u00e4\u00dfig Kurse f\u00fcr den Baden-W\u00fcrttembergischen \u00a0Kanu-Verband geben. Weitere Ausk\u00fcnfte erteilt die\u00a0Vorstandschaft. Der KCM hat im \u00dcbrigen einen umfangreichen Bestand an Booten und Ausr\u00fcstung, der den Mitgliedern zur unentgeltlichen Nutzung zur Verf\u00fcgung steht. Nichtmitgliedern kann das Material nach Absprache zur Verf\u00fcgung gestellt werden.<\/p>\n<ul>\n<li>2 Bootsanh\u00e4nger<\/li>\n<li>1 Drachenboot der Standardklasse<\/li>\n<li>5 Canadier ( davon 2 Mannschaftscanadier )<\/li>\n<li>4 Zweier-Kajaks ( 3 Wander- u. 1 Wildwasserboot )<\/li>\n<li>24 Einer-Kajaks ( davon 10 Kanu-Polo-Boote )<\/li>\n<li>Paddel, Spritzdecken, Schwimmwesten, Helme, Wurfs\u00e4cke, Polo-B\u00e4lle, u.v.m.<\/li>\n<\/ul>\n<\/div>\n<div id=\"footer_ohne\"><\/div>\n<\/div>\n","protected":false},"excerpt":{"rendered":"<p>Angebote Jeden Neuling besch\u00e4ftigt die Frage, wie denn nun in einem Kanu gerudert wird. Die Antwort ist f\u00fcr die Meisten ebenso \u00fcberraschend wie simpel: Gar nicht ! Beim Kanu-Sport spricht\u2026 <a class=\"continue-reading-link\" href=\"https:\/\/kanu-club-mannheim.de\/?page_id=63\">Weiterlesen<\/a><\/p>\n","protected":false},"author":1,"featured_media":0,"parent":0,"menu_order":3,"comment_status":"closed","ping_status":"closed","template":"","meta":{"jetpack_post_was_ever_published":false,"footnotes":""},"class_list":["post-63","page","type-page","status-publish","hentry"],"jetpack_sharing_enabled":true,"jetpack_shortlink":"https:\/\/wp.me\/P53E6D-11","_links":{"self":[{"href":"https:\/\/kanu-club-mannheim.de\/index.php?rest_route=\/wp\/v2\/pages\/63","targetHints":{"allow":["GET"]}}],"collection":[{"href":"https:\/\/kanu-club-mannheim.de\/index.php?rest_route=\/wp\/v2\/pages"}],"about":[{"href":"https:\/\/kanu-club-mannheim.de\/index.php?rest_route=\/wp\/v2\/types\/page"}],"author":[{"embeddable":true,"href":"https:\/\/kanu-club-mannheim.de\/index.php?rest_route=\/wp\/v2\/users\/1"}],"replies":[{"embeddable":true,"href":"https:\/\/kanu-club-mannheim.de\/index.php?rest_route=%2Fwp%2Fv2%2Fcomments&post=63"}],"version-history":[{"count":12,"href":"https:\/\/kanu-club-mannheim.de\/index.php?rest_route=\/wp\/v2\/pages\/63\/revisions"}],"predecessor-version":[{"id":2416,"href":"https:\/\/kanu-club-mannheim.de\/index.php?rest_route=\/wp\/v2\/pages\/63\/revisions\/2416"}],"wp:attachment":[{"href":"https:\/\/kanu-club-mannheim.de\/index.php?rest_route=%2Fwp%2Fv2%2Fmedia&parent=63"}],"curies":[{"name":"wp","href":"https:\/\/api.w.org\/{rel}","templated":true}]}}