{"id":525,"date":"2013-03-01T09:52:22","date_gmt":"2013-03-01T07:52:22","guid":{"rendered":"http:\/\/kanu-club-mannheim.de\/?page_id=525"},"modified":"2024-04-29T19:36:30","modified_gmt":"2024-04-29T17:36:30","slug":"dkv-kanustation","status":"publish","type":"page","link":"https:\/\/kanu-club-mannheim.de\/?page_id=525","title":{"rendered":"DKV Kanustation"},"content":{"rendered":"<h1>\u00dcbernachtungsm\u00f6glichkeit f\u00fcr Kanusportler<\/h1>\n<p>Auf Initiative des Deutschen Kanuverbandes wurden Vereine mit guten \u00dcbernachtungsm\u00f6glichkeiten und attraktiver Lage als Kanu-Station registriert. Die angeschlossenen Vereine f\u00f6rdern den Kanusport indem sie ihre Infrastruktur zur Verf\u00fcgung stellen. Sie bieten Kanusportlern bei mehrt\u00e4tigen Fahrten eine preiswerte \u00dcbernachtungsm\u00f6glichkeit .<\/p>\n<p>Beim Kanu-Club-Mannheim sind alle \u201ereisenden\u201c Kanuten herzlich willkommen !<\/p>\n<p>Es kann auf dem Au\u00dfengel\u00e4nde im Zelt, Wohnwagen oder Wohnmobil, sowie in den<br \/>\nClubr\u00e4umen \u00fcbernachtet werden. Eine K\u00fcche und sanit\u00e4re Anlagen stehen zur<br \/>\nVerf\u00fcgung.<\/p>\n<p>Die Lage am Schlosspark und nur 10 Gehminuten zur Innenstadt machen unsere Kanustation besonders attraktiv. Eine Liste mit allen Kanu-Stationen gibt der Deutsche Kanuverband\/Duisburg heraus (www.kanu.de).<\/p>\n<p><u>\u00dcbernachtungstarife pro Nacht , f\u00fcr:<\/u><\/p>\n<p>g\u00fcltig ab 14.07.22<\/p>\n<table style=\"height: 1007px;\" width=\"810\">\n<tbody>\n<tr>\n<td width=\"173\">\u00a0 Mitglieder nationaler\/internationaler Kanuverb\u00e4nde ab 18 Jahre<\/td>\n<td width=\"80\">4,- \u20ac\u00a0\u00a0 inkl. Dusche<\/td>\n<\/tr>\n<tr>\n<td width=\"173\">\u00a0 Mitglieder nationaler\/internationaler Kanuverb\u00e4nde 7 &#8211; 17 Jahre<\/td>\n<td width=\"80\">2,- \u20ac\u00a0\u00a0 inkl. Dusche<\/td>\n<\/tr>\n<tr>\n<td width=\"173\">\u00a0 Nicht organisierte Kanusportler<\/td>\n<td width=\"80\">7,- \u20ac\u00a0\u00a0 inkl. Dusche<\/td>\n<\/tr>\n<tr>\n<td width=\"173\">\u00a0 \u00dcbernachtung im Bootshaus<\/td>\n<td width=\"80\">4,- \u20ac\/Pers.<\/td>\n<\/tr>\n<tr>\n<td width=\"173\">\u00a0 Zelt<\/td>\n<td width=\"80\">4,- \u20ac<\/td>\n<\/tr>\n<tr>\n<td width=\"173\">\u00a0 Wohnwagen \/ Wohnmobil<\/td>\n<td width=\"80\">5,- \u20ac<\/td>\n<\/tr>\n<tr>\n<td width=\"173\">\u00a0 Strom<\/td>\n<td width=\"80\">3,- \u20ac<\/td>\n<\/tr>\n<tr>\n<td width=\"173\">\u00a0 K\u00fcchennutzung\u00a0 bis\u00a0 6 Pers.<\/td>\n<td width=\"80\">3,- \u20ac<\/td>\n<\/tr>\n<tr>\n<td width=\"173\">ab\u00a0\u00a0 7 Pers.<\/td>\n<td width=\"80\">6,- \u20ac<\/td>\n<\/tr>\n<\/tbody>\n<\/table>\n<p>Liebe G\u00e4ste der Kanu-Station,<br \/>\nbitte melden Sie sich fr\u00fchzeitig Online beim Vorstand oder Bootswart an (Kontaktdaten<br \/>\nsiehe Homepage).<br \/>\nKurzfristig, bis ca. 48 h vor Ihrem Eintreffen, k\u00f6nnen Sie auch tags\u00fcber zur Anmeldung<br \/>\nfolgendes Mitglied telefonisch kontaktieren:<br \/>\nR\u00fcdiger Birkholz: 0176 23243637<br \/>\nDer n\u00e4chste Telefonapparat befindet sich wenige Meter stromauf in der Gastst\u00e4tte der<br \/>\nRheinterrassen.<\/p>\n","protected":false},"excerpt":{"rendered":"<p>\u00dcbernachtungsm\u00f6glichkeit f\u00fcr Kanusportler Auf Initiative des Deutschen Kanuverbandes wurden Vereine mit guten \u00dcbernachtungsm\u00f6glichkeiten und attraktiver Lage als Kanu-Station registriert. Die angeschlossenen Vereine f\u00f6rdern den Kanusport indem sie ihre Infrastruktur zur\u2026 <a class=\"continue-reading-link\" href=\"https:\/\/kanu-club-mannheim.de\/?page_id=525\">Weiterlesen<\/a><\/p>\n","protected":false},"author":1,"featured_media":0,"parent":319,"menu_order":0,"comment_status":"closed","ping_status":"closed","template":"","meta":{"jetpack_post_was_ever_published":false,"footnotes":""},"class_list":["post-525","page","type-page","status-publish","hentry"],"jetpack_sharing_enabled":true,"jetpack_shortlink":"https:\/\/wp.me\/P53E6D-8t","_links":{"self":[{"href":"https:\/\/kanu-club-mannheim.de\/index.php?rest_route=\/wp\/v2\/pages\/525","targetHints":{"allow":["GET"]}}],"collection":[{"href":"https:\/\/kanu-club-mannheim.de\/index.php?rest_route=\/wp\/v2\/pages"}],"about":[{"href":"https:\/\/kanu-club-mannheim.de\/index.php?rest_route=\/wp\/v2\/types\/page"}],"author":[{"embeddable":true,"href":"https:\/\/kanu-club-mannheim.de\/index.php?rest_route=\/wp\/v2\/users\/1"}],"replies":[{"embeddable":true,"href":"https:\/\/kanu-club-mannheim.de\/index.php?rest_route=%2Fwp%2Fv2%2Fcomments&post=525"}],"version-history":[{"count":10,"href":"https:\/\/kanu-club-mannheim.de\/index.php?rest_route=\/wp\/v2\/pages\/525\/revisions"}],"predecessor-version":[{"id":3088,"href":"https:\/\/kanu-club-mannheim.de\/index.php?rest_route=\/wp\/v2\/pages\/525\/revisions\/3088"}],"up":[{"embeddable":true,"href":"https:\/\/kanu-club-mannheim.de\/index.php?rest_route=\/wp\/v2\/pages\/319"}],"wp:attachment":[{"href":"https:\/\/kanu-club-mannheim.de\/index.php?rest_route=%2Fwp%2Fv2%2Fmedia&parent=525"}],"curies":[{"name":"wp","href":"https:\/\/api.w.org\/{rel}","templated":true}]}}