{"id":49,"date":"2012-11-14T20:05:14","date_gmt":"2012-11-14T19:05:14","guid":{"rendered":"http:\/\/kanu-club-mannheim.de\/?page_id=49"},"modified":"2024-11-14T08:57:32","modified_gmt":"2024-11-14T07:57:32","slug":"bootshaus","status":"publish","type":"page","link":"https:\/\/kanu-club-mannheim.de\/?page_id=49","title":{"rendered":"Bootshaus"},"content":{"rendered":"<h2>Boots- und Clubhaus<\/h2>\n<h3><a href=\"file:\/\/\/C:\/Users\/APeischl\/Google%20Drive\/KCM_web\/kanustation.htm\">Kanu-Station des DKV<\/a><\/h3>\n<address>Adresse\/Anschrift:<br \/>\nRheinpromenade 9<br \/>\n68163 Mannheim-Lindenhof<br \/>\nRhein-Kilometer 424<\/address>\n<p>In zentraler Lage von Mannheim befindet sich unser gro\u00dfz\u00fcgiges Bootshaus mit Clubr\u00e4umen und herrlicher Terrasse direkt am Rhein. Eingerahmt zwischen historischem Schloss und idyllischem Waldpark sind es wenige Gehminuten zum Bahnhof und zur Innenstadt. Anfahrt \u00fcber Lindenhofplatz und Rennershofstra\u00dfe &#8211; auf der Rheinpromenade vorbei an der Jugendherberge und der Gastst\u00e4tte &#8222;Rheinterrassen&#8220;. Unser Bootshaus befindet sich ganz am nord-westlichen Ende der Stra\u00dfe.<br \/>\nErreichbarkeit mit \u00d6PNV:\u201eMA Hauptbahnhof S\u00fcd<\/p>\n<p>Deutsche Bahn und alle S-Bahnen des VRN: Mannheim Hbf.<\/p>\n<h3>Feste Termine im Bootshaus:<\/h3>\n<h4>Seniorentreff<\/h4>\n<p>Donnerstags ab 14:oo Uhr:<br \/>\nTreffen zum Tischtennisspielen und zum gem\u00fctlichen Plausch bei Kaffee und Kuchen.<\/p>\n<h4>Clubabend:<\/h4>\n<p>Donnerstags ab 17:30 Uhr findet im Sommer regelm\u00e4\u00dfig das Abenpaddeln statt . Anschlie\u00dfend l\u00e4sst an den Abend mit einem gem\u00fctlichen Zusammensein ausklingen.<\/p>\n<p><a href=\"http:\/\/www.gis-mannheim.de\/mapserver_mann\/\" target=\"_blank\" rel=\"noopener\">Vollst\u00e4ndiger Stadtplan und Infos \u00fcber Mannheim<\/a><\/p>\n<h2>Die Bootshaus-Story<\/h2>\n<p>Seine erste Bootsunterkunft hatte der Verein in der Kegelbahn der Gastst\u00e4tte &#8222;Br\u00fcchele&#8220; in der Windeckstra\u00dfe. Schon bald wurden zwei Hallen der alten Pechfabrik hinter dem Pfalzplatz gemietet und als Bootshallen eingerichtet. Im Jahre 1932 konnte das alte Pulvermagazin im Schlossgarten erworben werden. Dieses wurde mit der Zeit zu einem ger\u00e4umigen Bootshaus mit 250 Bootspl\u00e4tzen ausgebaut. An den Seiten wurden je zwei h\u00f6lzerne Bootsschuppen angebaut. Als Jugendraum diente ein alter Eisenbahnwaggon.<\/p>\n<p>1944 wurde das Bootshaus bei zwei Fliegerangriffen mit allen Booten und Sportger\u00e4ten restlos zerst\u00f6rt. 1946 konnte aber bereits wieder mit dem Bau des heutigen Bootshauses begonnen werden. Im Jubil\u00e4umsjahr 1951 standen bereits wieder drei Bootshallen mit 60 Bootspl\u00e4tzen zur Verf\u00fcgung. Nach zw\u00f6lfj\u00e4hriger Bauzeit wurde das heutige Bootshaus 1958 fertig gestellt. Es besteht nunmehr aus f\u00fcnf Bootshallen im Grundgeschoss.<\/p>\n<p>Im Erdgeschoss befinden sich K\u00fcche, gro\u00dfer Versammlungsraum, kleiner Versammlungsraum, Jugendraum, Duschen, Toiletten und Umkleider\u00e4ume. Es besticht durch eine herrliche Au\u00dfenanlage mit Terrasse, Kinderspielplatz, Bolz-\/Trainingsplatz, Garten und Feuerstelle. In den Wintermonaten trifft man sich im Clubhaus. In den Sommermonaten findet das Vereinsleben zumeist im Freien statt. Neben Gymnastik gibt es verschiedene Treffs und nat\u00fcrlich jede Menge Feste. Am Wochenende dient das Bootshaus als Start und Ziel zahlreicher Paddeltouren.<\/p>\n","protected":false},"excerpt":{"rendered":"<p>Boots- und Clubhaus Kanu-Station des DKV Adresse\/Anschrift: Rheinpromenade 9 68163 Mannheim-Lindenhof Rhein-Kilometer 424 In zentraler Lage von Mannheim befindet sich unser gro\u00dfz\u00fcgiges Bootshaus mit Clubr\u00e4umen und herrlicher Terrasse direkt am\u2026 <a class=\"continue-reading-link\" href=\"https:\/\/kanu-club-mannheim.de\/?page_id=49\">Weiterlesen<\/a><\/p>\n","protected":false},"author":1,"featured_media":0,"parent":319,"menu_order":3,"comment_status":"closed","ping_status":"closed","template":"","meta":{"jetpack_post_was_ever_published":false,"footnotes":""},"class_list":["post-49","page","type-page","status-publish","hentry"],"jetpack_sharing_enabled":true,"jetpack_shortlink":"https:\/\/wp.me\/P53E6D-N","_links":{"self":[{"href":"https:\/\/kanu-club-mannheim.de\/index.php?rest_route=\/wp\/v2\/pages\/49","targetHints":{"allow":["GET"]}}],"collection":[{"href":"https:\/\/kanu-club-mannheim.de\/index.php?rest_route=\/wp\/v2\/pages"}],"about":[{"href":"https:\/\/kanu-club-mannheim.de\/index.php?rest_route=\/wp\/v2\/types\/page"}],"author":[{"embeddable":true,"href":"https:\/\/kanu-club-mannheim.de\/index.php?rest_route=\/wp\/v2\/users\/1"}],"replies":[{"embeddable":true,"href":"https:\/\/kanu-club-mannheim.de\/index.php?rest_route=%2Fwp%2Fv2%2Fcomments&post=49"}],"version-history":[{"count":13,"href":"https:\/\/kanu-club-mannheim.de\/index.php?rest_route=\/wp\/v2\/pages\/49\/revisions"}],"predecessor-version":[{"id":3194,"href":"https:\/\/kanu-club-mannheim.de\/index.php?rest_route=\/wp\/v2\/pages\/49\/revisions\/3194"}],"up":[{"embeddable":true,"href":"https:\/\/kanu-club-mannheim.de\/index.php?rest_route=\/wp\/v2\/pages\/319"}],"wp:attachment":[{"href":"https:\/\/kanu-club-mannheim.de\/index.php?rest_route=%2Fwp%2Fv2%2Fmedia&parent=49"}],"curies":[{"name":"wp","href":"https:\/\/api.w.org\/{rel}","templated":true}]}}