{"id":2028,"date":"2018-10-15T12:32:52","date_gmt":"2018-10-15T10:32:52","guid":{"rendered":"http:\/\/kanu-club-mannheim.de\/?page_id=2028"},"modified":"2019-02-24T10:40:53","modified_gmt":"2019-02-24T09:40:53","slug":"datenschutzerklaerung","status":"publish","type":"page","link":"https:\/\/kanu-club-mannheim.de\/?page_id=2028","title":{"rendered":"Datenschutzerkl\u00e4rung"},"content":{"rendered":"<p><strong>KCM-Datenschutzerkl\u00e4rung\u00a0\u00a0\u00a0\u00a0\u00a0\u00a0 <\/strong><\/p>\n<p>Diese Datenschutzerkl\u00e4rung kl\u00e4rt Sie \u00fcber die Art, den Umfang und Zweck der Verarbeitung von personenbezogenen Daten (nachfolgend kurz \u201eDaten\u201c) im Rahmen des Besuchs und Nutzung unseres Onlineangebotes. Im Hinblick auf die verwendeten Begrifflichkeiten, wie z.B. \u201eVerarbeitung\u201c oder \u201eVerantwortlicher\u201c verweisen wir auf die Definitionen im Art. 4 der Datenschutzgrundverordnung (DSGVO).<\/p>\n<p><strong>\u00a0<\/strong><\/p>\n<p><strong>Verantwortlicher<\/strong><\/p>\n<p>Kanu-Club Mannheim<br \/>\nRheinpromenade 9<br \/>\n68163 Mannheim<br \/>\ne-mail: vorstand@kanu-club-mannheim.de<\/p>\n<p>https:\/\/kanu-club-mannheim.de<\/p>\n<p><strong>Arten der verarbeiteten Daten<\/strong><\/p>\n<p>&#8211; Inhaltsdaten (z.B., Texteingaben, Fotografien, Videos).<br \/>\n&#8211; Nutzungsdaten (z.B., besuchte Webseiten, Interesse an Inhalten)<\/p>\n<p><strong>Kategorien betroffener Personen<\/strong><\/p>\n<p>Besucher und Nutzer des Onlineangebotes (Nachfolgend bezeichnen wir die betroffenen Personen zusammenfassend auch als \u201eNutzer\u201c).<\/p>\n<p><strong>Zweck der Verarbeitung<\/strong><\/p>\n<p>&#8211; Kommunikation mit Nutzern\u00a0\u00a0\u00a0\u00a0\u00a0\u00a0\u00a0\u00a0\u00a0\u00a0\u00a0\u00a0\u00a0\u00a0\u00a0\u00a0\u00a0\u00a0\u00a0\u00a0\u00a0\u00a0\u00a0\u00a0\u00a0\u00a0\u00a0\u00a0\u00a0\u00a0\u00a0\u00a0\u00a0\u00a0\u00a0\u00a0\u00a0\u00a0\u00a0\u00a0\u00a0\u00a0\u00a0\u00a0\u00a0\u00a0\u00a0\u00a0\u00a0\u00a0\u00a0\u00a0\u00a0\u00a0\u00a0\u00a0\u00a0\u00a0\u00a0\u00a0\u00a0\u00a0\u00a0\u00a0\u00a0\u00a0\u00a0\u00a0\u00a0\u00a0\u00a0\u00a0\u00a0\u00a0\u00a0\u00a0\u00a0\u00a0\u00a0\u00a0\u00a0\u00a0\u00a0\u00a0 \u00a0\u00a0\u00a0\u00a0\u00a0\u00a0\u00a0\u00a0\u00a0\u00a0\u00a0\u00a0\u00a0\u00a0\u00a0\u00a0\u00a0&#8211; Zurverf\u00fcgungstellung des Onlineangebotes, seiner Funktionen und Inhalte.<br \/>\n&#8211; Sicherheitsma\u00dfnahmen.<\/p>\n<p><strong>Verwendete Begrifflichkeiten <\/strong><\/p>\n<p>Zutreffende Begrifflichkeiten sind n\u00e4her erl\u00e4utert unter \u00a0\u00a0\u00a0\u00a0\u00a0\u00a0\u00a0\u00a0\u00a0\u00a0\u00a0\u00a0\u00a0\u00a0\u00a0\u00a0\u00a0\u00a0\u00a0\u00a0\u00a0\u00a0\u00a0\u00a0\u00a0 \u00a0\u00a0\u00a0\u00a0\u00a0\u00a0\u00a0\u00a0\u00a0 \u00a0DSGVO Kap. 1\/Art. 4 \u201eBegriffsbestimmung\u201c<\/p>\n<p><strong>Ma\u00dfgebliche Rechtsgrundlagen <\/strong><\/p>\n<p>Nach Ma\u00dfgabe des Art. 13 DSGVO teilen wir Ihnen die Rechtsgrundlagen unserer Datenverarbeitungen mit. F\u00fcr Nutzer aus dem Geltungsbereich der Datenschutzgrundverordnung (DSGVO), d.h. der EU und des EWG gilt, sofern die Rechtsgrundlage in der Datenschutzerkl\u00e4rung nicht genannt wird, Folgendes:<br \/>\nDie Rechtsgrundlage f\u00fcr die Einholung von Einwilligungen \u00a0ist \u00a0Art. 6 Abs. 1 a,\u00a0\u00a0\u00a0\u00a0\u00a0\u00a0\u00a0 \u00a0\u00a0\u00a0\u00a0\u00a0\u00a0\u00a0Art. 7 und\u00a0 Art. 8 DSGVO.<\/p>\n<p>Die Rechtsgrundlage f\u00fcr die Verarbeitung zur Erf\u00fcllung unserer rechtlichen Verpflichtungen ist Art. 6 Abs. 1 lit. c DSGVO;<br \/>\nDie Rechtsgrundlage f\u00fcr die Verarbeitung zur Wahrung unserer berechtigten Interessen ist Art. 6 Abs. 1 lit. f DSGVO.<br \/>\nDie Verarbeitung von Daten zu anderen Zwecken als denen, zu denen sie erhoben wurden, bestimmt sich nach den Vorgaben des Art 6 Abs. 4 DSGVO.<br \/>\nDie Verarbeitung von besonderen Kategorien von Daten (entsprechend Art. 9 Abs. 1 DSGVO) bestimmt sich nach den Vorgaben des Art. 9 Abs. 2 DSGVO.<\/p>\n<p><strong>Sicherheitsma\u00dfnahmen<\/strong><\/p>\n<p>Wir treffen nach Ma\u00dfgabe der gesetzlichen Vorgaben unter Ber\u00fccksichtigung des Stands der Technik, Art, des Umfangs, der Umst\u00e4nde und der Zwecke der Verarbeitung geeignete technische und organisatorische Ma\u00dfnahmen, um ein dem Risiko angemessenes Schutzniveau zu gew\u00e4hrleisten.<\/p>\n<p>Zu den Ma\u00dfnahmen geh\u00f6ren insbesondere die Sicherung der Vertraulichkeit, Integrit\u00e4t und Verf\u00fcgbarkeit von Daten durch Kontrolle des physischen Zugangs zu den Daten, als auch des sie betreffenden Zugriffs, der Eingabe, Weitergabe, der Sicherung der Verf\u00fcgbarkeit und ihrer Trennung. bzw. Auswahl von Hardware, Software sowie Verfahren, entsprechend dem Prinzip des Datenschutzes durch Technikgestaltung und durch datenschutzfreundliche Voreinstellungen.<\/p>\n<p><strong>Zusammenarbeit mit gemeinsam Verantwortlichen und Dritten<\/strong><\/p>\n<p>Sofern wir im Rahmen unserer Verarbeitung Daten gegen\u00fcber anderen Personen (gemeinsam Verantwortlichen oder Dritten) offenbaren, sie an diese \u00fcbermitteln oder ihnen sonst Zugriff auf die Daten gew\u00e4hren, erfolgt dies nur auf Grundlage einer gesetzlichen Erlaubnis, Nutzer eingewilligt haben, eine rechtliche Verpflichtung dies vorsieht oder auf Grundlage unserer berechtigten Interessen (z.B. beim Einsatz von Beauftragten etc.).<\/p>\n<p>Sofern wir Daten Anderer offenbaren, \u00fcbermitteln oder ihnen sonst den Zugriff gew\u00e4hren, erfolgt dies insbesondere zu administrativen Zwecken als berechtigtes Interesse und dar\u00fcberhinausgehend auf einer den gesetzlichen Vorgaben entsprechenden Grundlage.<\/p>\n<p><strong>\u00dcbermittlungen in Drittl\u00e4nder,\u00a0\u00a0 entstehen nicht<\/strong><\/p>\n<p><strong>Rechte der betroffenen Personen<\/strong><\/p>\n<p>Sie haben das Recht, eine Best\u00e4tigung dar\u00fcber zu verlangen, ob betreffende Daten verarbeitet werden und auf Auskunft \u00fcber diese Daten sowie auf weitere Informationen und Kopie der Daten entsprechend den gesetzlichen Vorgaben.<\/p>\n<p>Sie haben entsprechend. den gesetzlichen Vorgaben das Recht, die Vervollst\u00e4ndigung der Sie betreffenden Daten oder die Berichtigung der Sie betreffenden unrichtigen Daten zu verlangen.<\/p>\n<p>Sie haben nach Ma\u00dfgabe der gesetzlichen Vorgaben das Recht zu verlangen, dass betreffende Daten unverz\u00fcglich gel\u00f6scht werden, bzw. alternativ nach Ma\u00dfgabe der gesetzlichen Vorgaben eine Einschr\u00e4nkung der Verarbeitung der Daten zu verlangen.<\/p>\n<p>Sie haben das Recht zu verlangen, dass die Sie betreffenden Daten, die Sie uns bereitgestellt haben nach Ma\u00dfgabe der gesetzlichen Vorgaben zu erhalten und deren \u00dcbermittlung an andere Verantwortliche zu fordern.<\/p>\n<p>Sie haben ferner nach Ma\u00dfgabe der gesetzlichen Vorgaben das Recht, eine Beschwerde bei der zust\u00e4ndigen Aufsichtsbeh\u00f6rde einzureichen.<\/p>\n<p><strong>Widerspruchsrecht<\/strong><\/p>\n<p>Sie k\u00f6nnen der k\u00fcnftigen Verarbeitung der Sie betreffenden Daten nach Ma\u00dfgabe der gesetzlichen Vorgaben jederzeit widersprechen. Der Widerspruch kann insbesondere gegen die Verarbeitung f\u00fcr Zwecke der Direktwerbung erfolgen.<\/p>\n<p><strong>Cookies <\/strong><\/p>\n<p>Unser Webseiten-Provider verwendet ausschlie\u00dflich Session Cookies. Diese verarbeiten keine personenbezogenen Daten und fallen entsprechend nicht unter die Regelungen der DSGVO.<\/p>\n<p><strong>L\u00f6schung von Daten<\/strong><\/p>\n<p>Die von uns verarbeiteten Daten werden nach Ma\u00dfgabe der gesetzlichen Vorgaben gel\u00f6scht oder in ihrer Verarbeitung eingeschr\u00e4nkt. Sofern nicht im Rahmen dieser Datenschutzerkl\u00e4rung ausdr\u00fccklich angegeben, werden die bei uns gespeicherten Daten gel\u00f6scht, sobald sie f\u00fcr ihre Zweckbestimmung nicht mehr erforderlich sind und der L\u00f6schung keine gesetzlichen Aufbewahrungspflichten entgegenstehen.<\/p>\n<p>Sofern die Daten nicht gel\u00f6scht werden, weil sie f\u00fcr andere und gesetzlich zul\u00e4ssige Zwecke erforderlich sind, wird deren Verarbeitung eingeschr\u00e4nkt. D.h. die Daten werden gesperrt und nicht f\u00fcr andere Zwecke verarbeitet. Das gilt z.B. f\u00fcr Daten, die aus handels- oder steuerrechtlichen Gr\u00fcnden aufbewahrt werden m\u00fcssen.<\/p>\n<p><strong>\u00c4nderungen und Aktualisierungen der Datenschutzerkl\u00e4rung<\/strong><\/p>\n<p>Wir bitten Sie sich regelm\u00e4\u00dfig \u00fcber den Inhalt unserer Datenschutzerkl\u00e4rung zu informieren. Wir passen die Datenschutzerkl\u00e4rung an, sobald die \u00c4nderungen der von uns durchgef\u00fchrten Datenverarbeitungen dies erforderlich machen. Wir informieren Sie, sobald durch die \u00c4nderungen eine Mitwirkungshandlung Ihrerseits (z.B. Einwilligung) oder eine sonstige individuelle Benachrichtigung erforderlich wird.<\/p>\n<p>Stand:\u00a0 Feb. 2019<\/p>\n","protected":false},"excerpt":{"rendered":"<p>KCM-Datenschutzerkl\u00e4rung\u00a0\u00a0\u00a0\u00a0\u00a0\u00a0 Diese Datenschutzerkl\u00e4rung kl\u00e4rt Sie \u00fcber die Art, den Umfang und Zweck der Verarbeitung von personenbezogenen Daten (nachfolgend kurz \u201eDaten\u201c) im Rahmen des Besuchs und Nutzung unseres Onlineangebotes. Im Hinblick\u2026 <a class=\"continue-reading-link\" href=\"https:\/\/kanu-club-mannheim.de\/?page_id=2028\">Weiterlesen<\/a><\/p>\n","protected":false},"author":1,"featured_media":0,"parent":5,"menu_order":0,"comment_status":"closed","ping_status":"closed","template":"","meta":{"jetpack_post_was_ever_published":false,"footnotes":""},"class_list":["post-2028","page","type-page","status-publish","hentry"],"jetpack_sharing_enabled":true,"jetpack_shortlink":"https:\/\/wp.me\/P53E6D-wI","_links":{"self":[{"href":"https:\/\/kanu-club-mannheim.de\/index.php?rest_route=\/wp\/v2\/pages\/2028","targetHints":{"allow":["GET"]}}],"collection":[{"href":"https:\/\/kanu-club-mannheim.de\/index.php?rest_route=\/wp\/v2\/pages"}],"about":[{"href":"https:\/\/kanu-club-mannheim.de\/index.php?rest_route=\/wp\/v2\/types\/page"}],"author":[{"embeddable":true,"href":"https:\/\/kanu-club-mannheim.de\/index.php?rest_route=\/wp\/v2\/users\/1"}],"replies":[{"embeddable":true,"href":"https:\/\/kanu-club-mannheim.de\/index.php?rest_route=%2Fwp%2Fv2%2Fcomments&post=2028"}],"version-history":[{"count":2,"href":"https:\/\/kanu-club-mannheim.de\/index.php?rest_route=\/wp\/v2\/pages\/2028\/revisions"}],"predecessor-version":[{"id":2094,"href":"https:\/\/kanu-club-mannheim.de\/index.php?rest_route=\/wp\/v2\/pages\/2028\/revisions\/2094"}],"up":[{"embeddable":true,"href":"https:\/\/kanu-club-mannheim.de\/index.php?rest_route=\/wp\/v2\/pages\/5"}],"wp:attachment":[{"href":"https:\/\/kanu-club-mannheim.de\/index.php?rest_route=%2Fwp%2Fv2%2Fmedia&parent=2028"}],"curies":[{"name":"wp","href":"https:\/\/api.w.org\/{rel}","templated":true}]}}