{"id":136,"date":"2012-11-15T06:37:43","date_gmt":"2012-11-15T05:37:43","guid":{"rendered":"http:\/\/kanu-club-mannheim.de\/?page_id=136"},"modified":"2026-01-09T16:35:41","modified_gmt":"2026-01-09T15:35:41","slug":"kanu-polo","status":"publish","type":"page","link":"https:\/\/kanu-club-mannheim.de\/?page_id=136","title":{"rendered":"Kanupolo"},"content":{"rendered":"\n<p><\/p>\n\n\n\n<p><strong>Historie<\/strong>&nbsp;<\/p>\n\n\n\n<p>Anfang der 90er Jahre begannen die Wildwasserfahrer des KCM mit der jungen Sportart Kanupolo. Eigentlich war anfangs nur daran gedacht, die Bootsbeherrschung f\u00fcr den Wildwassersport zu trainieren. Es entwickelte jedoch sich schnell zu einem eigenen Angebotszweig, der vor allem bei j\u00fcngeren Mitgliedern sehr beliebt ist.&nbsp;<\/p>\n\n\n\n<p><\/p>\n\n\n\n<p><strong>Unser Team<\/strong>&nbsp;<\/p>\n\n\n\n<p>Unsere Kanupolo Mannschaft besteht seit 1997. Seitdem hat sich Vieles ver\u00e4ndert bei Technik, Material und Spielleistung. Heute setzt sich unser Team aus ehemaligen&nbsp;Bundesliga Spieler*innen und Freizeitspieler*innen zusammen. Einige von uns&nbsp;trainieren regelm\u00e4\u00dfig leistungsorientiert, andere einfach \u201ejust&nbsp;for&nbsp;fun\u201c.&nbsp;Trotz unterschiedlicher Ziele verbindet uns alle die Begeisterung f\u00fcr den Sport und&nbsp;der Teamgeist auf dem Wasser.&nbsp;<\/p>\n\n\n\n<p><\/p>\n\n\n\n<p><strong>Was ist Kanupolo?&nbsp;<\/strong>&nbsp;<\/p>\n\n\n\n<p class=\"s4\">Kanupolo ist eine schnelle und spannende Mannschaftssportart, die auf dem Wasser gespielt wird. Stell dir eine Mischung aus Wasserball, Handball und Kajakfahren vor!<\/p>\n\n\n\n<p class=\"s4\">So funktioniert Kanupolo:<\/p>\n\n\n\n<ul class=\"wp-block-list\">\n<li>Zwei Teams mit jeweils 5 Spielern sitzen in Kajaks. Ziel ist es, den Ball ins gegnerische Tor zu werfen<\/li>\n\n\n\n<li>Die Tore h\u00e4ngen 2 Meter \u00fcber dem Wasser<\/li>\n\n\n\n<li>K\u00f6rperkontakt ist erlaubt, aber nur kontrolliert<\/li>\n\n\n\n<li>Man darf den Gegner blockieren oder abdr\u00e4ngen, aber nicht gef\u00e4hrden<\/li>\n\n\n\n<li>Das Spiel ist sehr schnell und taktisch <\/li>\n\n\n\n<li>Es gibt Regeln f\u00fcr Kontakt und Fairplay, \u00e4hnlich wie in anderen Mannschaftssportarten<\/li>\n<\/ul>\n\n\n\n<p><\/p>\n\n\n\n<p><strong>Kanupolo Regel<\/strong>&nbsp;<\/p>\n\n\n\n<p>Kanupolo wird mit speziellen Kajaks auf einem 23 x 35 m gro\u00dfen Wasserfeld&nbsp;gespielt. Jede Mannschaft hat f\u00fcnf Spieler und bis zu drei Auswechselspieler. Die&nbsp;Tore sind 1x 1,5 m gro\u00df und h\u00e4ngen zwei Meter \u00fcber dem Wasser. Gespielt wird 2x&nbsp;10 Minuten, bei Unentschieden gibt es Verl\u00e4ngerung und ggf. Penaltyw\u00fcrfe. Der Ball&nbsp;darf mit der Hand oder dem Paddel gespielt werden. Das Spiel startet mit einem&nbsp;Anpfiff und einem Sprint um den Ball in der Mitte. Es gibt Einw\u00fcrfe, Eckb\u00e4lle, Abw\u00fcrfe&nbsp;und Schiedsrichterb\u00e4lle. Als Torwart gilt der Spieler unter dem eigenen Tor mit&nbsp;erhobenem Paddel; er darf nicht angegriffen werden, und jeder Spieler kann diese&nbsp;Position \u00fcbernehmen.&nbsp;Das Spiel wird von zwei Schiedsrichtern an den Seitenlinien \u00fcberwacht. Sie ahnden&nbsp;Regelverst\u00f6\u00dfe mit Pfiffen und Handzeichen. Zu den typischen Vergehen z\u00e4hlen u.a.&nbsp;gef\u00e4hrlicher Paddelgebrauch, unerlaubter Angriff auf Boote, Behinderung,&nbsp;Festhalten, falscher Ballbesitz, fehlerhaftes Auswechseln und unsportliches&nbsp;Verhalten.&nbsp;Je nach Schwere oder H\u00e4ufigkeit des Versto\u00dfes k\u00f6nnen verschiedene Strafen&nbsp;verh\u00e4ngt werden:&nbsp;<strong>Freiwurf<\/strong>,&nbsp;<strong>Freischuss<\/strong>&nbsp;oder&nbsp;<strong>Penalty (Strafwurf)<\/strong>.<\/p>\n\n\n\n<p><\/p>\n\n\n\n<p><strong>Ausr\u00fcstung<\/strong>&nbsp;<\/p>\n\n\n\n<p>Was braucht man eigentlich&nbsp;f\u00fcr\u2019s&nbsp;Kanupolo?&nbsp;<\/p>\n\n\n\n<p>Unser Verein stellt die&nbsp;<strong>Grundausstattung<\/strong>:&nbsp;<\/p>\n\n\n\n<ul class=\"wp-block-list\">\n<li>Kanupolo-Kajak&nbsp;<\/li>\n\n\n\n<li>Doppelpaddel&nbsp;&nbsp;<\/li>\n\n\n\n<li>Spritzdecke&nbsp;&nbsp;<\/li>\n\n\n\n<li>Helm mit Visier&nbsp;<\/li>\n\n\n\n<li>Schwimmweste&nbsp;<\/li>\n\n\n\n<li>Kanupoloball&nbsp;<\/li>\n<\/ul>\n\n\n\n<p>Nat\u00fcrlich kann man auch eigene Ausr\u00fcstung mitbringen.&nbsp;&nbsp;<\/p>\n\n\n\n<p>Immer selbst mitbringen muss man die&nbsp;<strong>Schwimmkleider<\/strong>&nbsp;und&nbsp;<strong>Funktions-T-Shirt&nbsp;<\/strong>&nbsp;<\/p>\n\n\n\n<p><\/p>\n\n\n\n<p><strong>Turniere&nbsp;<\/strong>&nbsp;<\/p>\n\n\n\n<p>J\u00e4hrlich finden in Deutschland und Europa zahlreiche Turniere in verschiedenen&nbsp;<\/p>\n\n\n\n<p>Spielklassen statt. Seit 1997 nimmt die&nbsp;KCM Mannschaft&nbsp;regelm\u00e4\u00dfig an&nbsp;<\/p>\n\n\n\n<p>unterschiedlichen Turnieren teil. Zu nennen sind unter anderem das Mixed Turnier&nbsp;<\/p>\n\n\n\n<p>und die S\u00fcddeutsche Meisterschaft.&nbsp;<\/p>\n\n\n\n<p><\/p>\n\n\n\n<p><strong>Probetraining<\/strong>&nbsp;<\/p>\n\n\n\n<p>Ein Probetraining ist jederzeit w\u00e4hrend der Trainingszeiten m\u00f6glich. Bitte beachten&nbsp;<\/p>\n\n\n\n<p>Sie die unterschiedlichen Trainingszeiten im Sommer und Winter.<\/p>\n\n\n\n<p><\/p>\n\n\n\n<p><strong>Anmeldung per E-&nbsp;Mail<\/strong>:&nbsp;<a href=\"mailto:kanupolo@kanu-club-mannheim.de\" target=\"_blank\" rel=\"noreferrer noopener\">kanupolo@kanu-club-mannheim.de<\/a>&nbsp;<\/p>\n\n\n\n<p><\/p>\n\n\n\n<p><strong>Trainingszeiten<\/strong><\/p>\n\n\n\n<p>Wir trainieren das ganze Jahr \u00fcber mehrmals die Woche am Willersinnweiher im Sommer und im Winter im Hallenbad Seckenheim<\/p>\n\n\n\n<p><\/p>\n\n\n\n<p><strong>Sommertraining<\/strong>:<\/p>\n\n\n\n<ul class=\"wp-block-list\">\n<li>Von Anfang Mai bis Ende September<\/li>\n\n\n\n<li>Dienstags und Donnerstags<\/li>\n\n\n\n<li>Von 17:30 bis19:30 Uhr<\/li>\n<\/ul>\n\n\n\n<p>Adresse:<\/p>\n\n\n\n<p>Ludwigshafener Schwimmverein 07, Langgartenstra\u00dfe 53, 67063 Ludwigshafen<\/p>\n\n\n\n<p><br><\/p>\n\n\n\n<p><strong>Wintertraining<\/strong>:<\/p>\n\n\n\n<ul class=\"wp-block-list\">\n<li>Von Anfang Oktober bis Ende April<\/li>\n\n\n\n<li>Dienstags<\/li>\n\n\n\n<li>Von 20:30 bis 22 Uhr Training<\/li>\n<\/ul>\n\n\n\n<p>Adresse:<\/p>\n\n\n\n<p>Hallenbad Seckenheim, Freiburger Stra\u00dfe 16, 68239 Mannheim<\/p>\n\n\n\n<p><\/p>\n","protected":false},"excerpt":{"rendered":"<p>Historie&nbsp; Anfang der 90er Jahre begannen die Wildwasserfahrer des KCM mit der jungen Sportart Kanupolo. Eigentlich war anfangs nur daran gedacht, die Bootsbeherrschung f\u00fcr den Wildwassersport zu trainieren. Es entwickelte\u2026 <a class=\"continue-reading-link\" href=\"https:\/\/kanu-club-mannheim.de\/?page_id=136\">Weiterlesen<\/a><\/p>\n","protected":false},"author":1,"featured_media":0,"parent":63,"menu_order":2,"comment_status":"closed","ping_status":"closed","template":"","meta":{"jetpack_post_was_ever_published":false,"footnotes":""},"class_list":["post-136","page","type-page","status-publish","hentry"],"jetpack_sharing_enabled":true,"jetpack_shortlink":"https:\/\/wp.me\/P53E6D-2c","_links":{"self":[{"href":"https:\/\/kanu-club-mannheim.de\/index.php?rest_route=\/wp\/v2\/pages\/136","targetHints":{"allow":["GET"]}}],"collection":[{"href":"https:\/\/kanu-club-mannheim.de\/index.php?rest_route=\/wp\/v2\/pages"}],"about":[{"href":"https:\/\/kanu-club-mannheim.de\/index.php?rest_route=\/wp\/v2\/types\/page"}],"author":[{"embeddable":true,"href":"https:\/\/kanu-club-mannheim.de\/index.php?rest_route=\/wp\/v2\/users\/1"}],"replies":[{"embeddable":true,"href":"https:\/\/kanu-club-mannheim.de\/index.php?rest_route=%2Fwp%2Fv2%2Fcomments&post=136"}],"version-history":[{"count":29,"href":"https:\/\/kanu-club-mannheim.de\/index.php?rest_route=\/wp\/v2\/pages\/136\/revisions"}],"predecessor-version":[{"id":3415,"href":"https:\/\/kanu-club-mannheim.de\/index.php?rest_route=\/wp\/v2\/pages\/136\/revisions\/3415"}],"up":[{"embeddable":true,"href":"https:\/\/kanu-club-mannheim.de\/index.php?rest_route=\/wp\/v2\/pages\/63"}],"wp:attachment":[{"href":"https:\/\/kanu-club-mannheim.de\/index.php?rest_route=%2Fwp%2Fv2%2Fmedia&parent=136"}],"curies":[{"name":"wp","href":"https:\/\/api.w.org\/{rel}","templated":true}]}}