{"id":132,"date":"2012-11-15T06:36:40","date_gmt":"2012-11-15T05:36:40","guid":{"rendered":"http:\/\/kanu-club-mannheim.de\/?page_id=132"},"modified":"2024-11-14T08:53:37","modified_gmt":"2024-11-14T07:53:37","slug":"kanuwandern","status":"publish","type":"page","link":"https:\/\/kanu-club-mannheim.de\/?page_id=132","title":{"rendered":"Kanuwandern"},"content":{"rendered":"<h2>Kanu-Wandern<\/h2>\n<div>\n<p>Das Kanu-Wandern ist ein beliebter Sport f\u00fcr Alt und Jung, der im KCM traditionell sehr stark gepflegt wird. Bereits in den f\u00fcnfziger Jahren brachen Kanu-Wanderer des KCM mit gro\u00dfem Faltbootgep\u00e4ck auf, um die Fl\u00fcsse der n\u00e4heren Umgebung zu befahren. Da kaum jemand ein Automobil besa\u00df, wurden die Fahrten mit der Eisenbahn durchgef\u00fchrt. Am Ziel angekommen steckte man das aus Holzspanten bestehende Bootsger\u00fcst zusammen und bespannte es mit der Bootshaut aus Gummi und Baumwollstoff.<\/p>\n<p><a href=\"https:\/\/kanu-club-mannheim.de\/wp-content\/uploads\/2012\/11\/historisch1.jpg\"><br \/>\n<\/a>Johann Klepper, ein Schneider aus Rosenheim, erfand dieses geniale Bootskonzept und trug damit erheblich zur Verbreitung dieses Sportes bei. Heute werden beim KCM haupts\u00e4chlich Boote aus Kohle- oder Glasfaser benutzt. Einige Faltboote liegen aber noch einsatzbereit in den Bootshaushallen. Die heutigen Wanderfahrten sind im umfangreichen\u00a0<a href=\"https:\/\/kanu-club-mannheim.de\/?page_id=67\">Terminkalender<\/a>\u00a0festgelegt und f\u00fchren die Kanu-Wandersportler im Grunde zu den gleichen herrlichen Zielen wie damals.<br \/>\nJedes Jahr findet der Wettbewerb um das Wanderfahrerabzeichen statt. Um dieses zu erhalten, m\u00fcssen bestimmte, durch den DKV festgelegte Bedingungen erf\u00fcllt werden.Hierbei geht es neben Kilometerleistung auch um den Nachweis gewisser kanusportlichen Qualifikationen.<\/p>\n<h3>Kanu-Station<\/h3>\n<h4>\u00dcbernachtungsm\u00f6glichkeit f\u00fcr Kanusportler<\/h4>\n<p>Auf Initiative des Deutschen Kanu Verbandes wurden Vereine mit guten \u00dcbernachtungsm\u00f6glichkeiten und attraktiver Lage als Kanu- Stationen registriert. Die angeschlossenen Vereine f\u00f6rdern den Kanusport indem sie ihre Infrastruktur zur Verf\u00fcgung stellen. Sie bieten Kanusportlern bei mehrt\u00e4gigen Fahrten eine preiswerte \u00dcbernachtungsm\u00f6glichkeit.<\/p>\n<h4>Beim Kanu-Club Mannheim sind alle reisenden Kanuten herzlich willkommen !<\/h4>\n<p>Es kann auf dem Au\u00dfengel\u00e4nde im Zelt oder Wohnwagen, sowie in den Clubr\u00e4umen \u00fcbernachtet werden. Eine K\u00fcche und sanit\u00e4re Anlagen stehen zur Verf\u00fcgung. Die Lage im Schlo\u00dfpark mit 5 Gehminuten zur Innenstadt machen unsere Kanu Station besonders attraktiv. Eine\u00a0Liste aller Kanu-Stationen\u00a0gibt der\u00a0Deutsche Kanu-Verband\u00a0in Duisburg heraus.<\/p>\n<h4>Geb\u00fchren siehe <a href=\"https:\/\/kanu-club-mannheim.de\/?page_id=525\">hier<\/a><\/h4>\n<h3>Wanderfahrerabzeichen<\/h3>\n<p>Mit dem Eintritt in den KCM kann jedes neue Mitglied den Zugang zum eFB (elektronisches Fahrtenbuch) erhalten. Das Fahrtenbuch dient als Nachweis f\u00fcr die Sportversicherung und der pers\u00f6nlichen Leistungskontrolle. Wer am Wanderfahrer-Wettbewerb teilnehmen m\u00f6chte, muss seine Touren in dieses Fahrtenbuch eintragen. Alle Leistungen, die zum Erwerb des Wanderfahrerabzeichens (WFA) f\u00fchren, werden im pers\u00f6nlichen Fahrtenbuch bescheinigt. Das Fahrtenbuch ist zur Pr\u00fcfung der WFA-Voraussetzungen am Ende des Fahrtenjahres beim Fahrtenwart abzugeben. Das Fahrtenjahr endet am 30. September eines jeden Jahres. Die Auszeichnungen im Wanderfahrer-Wettbewerb werden vom DKV verliehen und vom Fahrtenwart \u00fcberreicht. Das geschieht meist im Rahmen der Mitgliederversammlung. Besondere Auszeichnungen werden durch den Landeskanuverband im Rahmen des allj\u00e4hrlich stattfindenden Verbandstages verliehen. Daneben gilt das Fahrtenbuch als Nachweis f\u00fcr die Sportversicherung. Alle Mitglieder und G\u00e4ste sind so w\u00e4hrend ihrer sportlichen Bet\u00e4tigung unfallversichert. Das gilt \u00fcbrigens schon bei der Anfahrt und dem Transport von Personen und Ausr\u00fcstung.<\/p>\n<h3>Leits\u00e4tze des Kanuwandersports<\/h3>\n<ol>\n<li>Informieren Sie sich vor Antritt einer Fahrt \u00fcber das Gew\u00e4sser und seine Schwierigkeiten mit Hilfe der Flussf\u00fchrer des DKV und seiner Landeskanuverb\u00e4nde. Beachten Sie, dass ein harmloses Gew\u00e4sser zur Schneeschmelze oder nach l\u00e4ngeren Regenf\u00e4llen zu einem gef\u00e4hrlichen Wildwasser werden kann.<\/li>\n<li>Lassen Sie sich durch den Wandersportwart Ihres Vereines oder andere erfahrene Kanuwandersportler theoretisch und praktisch beraten. Als Einzelmitglied wenden Sie sich an den Obmann Ihres Landesverbandes. Lesen Sie die einschl\u00e4gige Kanuliteratur; nehmen Sie an Sicherheitsschulungen und Kenterlehrg\u00e4ngen teil.<\/li>\n<li>\u00dcberpr\u00fcfen Sie vor Antritt einer Fahrt Ihre Ausr\u00fcstung auf Vollst\u00e4ndigkeit und Brauchbarkeit: Boot ordnungsgem\u00e4\u00df gekennzeichnet und ausger\u00fcstet &#8211; mit Spritzdecke, Auftriebsk\u00f6rpern und Handschlaufen; wasserdichte Paddeljacke und\/oder Neoprenanzug, ggf. Kopfschutz, Schwimm- oder Rettungsweste, geeignetes Schuhwerk; Wurfsack oder zumindest Rettungsleine; wasserdichte Packs\u00e4cke und Beh\u00e4lter f\u00fcr Wechselkleidung, Ausweis- und Fahrzeugpapiere einschlie\u00dflich DKV-Ausweis, Fahrzeugschl\u00fcssel, Geldb\u00f6rse, usw.<\/li>\n<li>Fahren Sie nie allein.<\/li>\n<li>Wehre k\u00f6nnen lebensgef\u00e4hrliche Gefahrenquellen sein. Wehre vor einer eventuellen Befahrung ansehen; Wehre oder Abst\u00fcrze mit senkrechter Absturzkante nie befahren (die Deckwalze bedeutet immer Lebensgefahr); Umtragen ist kein Zeichen von Nichtk\u00f6nnen oder Feigheit, sondern zeigt Verantwortung gegen\u00fcber sich selbst und anderen.<\/li>\n<li>Jeder Kanuwandersportler muss schwimmen k\u00f6nnen. Dar\u00fcber hinaus sollte er den Grundschein der DLRG\/Wasserwacht erwerben und in &#8222;Erste-Hilfe&#8220; ausgebildet sein.<\/li>\n<li>Der Natur- und Gew\u00e4sserschutz ist eine Verpflichtung jedes Kanuwandersportlers. Erfreuen Sie sich beim Kanufahren an den Sch\u00f6nheiten der Natur; tragen Sie in voller Eigenverantwortung zur Erhaltung von Pflanzen- und Tierwelt bei; st\u00f6ren Sie nicht den Lebensraum von Wild und V\u00f6geln; respektieren Sie die berechtigten Interessen anderer, wie z.B. Anlieger und Sportfischer.<\/li>\n<li>Beachten Sie bei Ihren Fahrten: \u00c4u\u00dferste Vorsicht mit offenem Feuer; beim Verlassen von Zelt- und Lagerpl\u00e4tzen Abf\u00e4lle &#8211; auch solche, die nicht von Ihnen stammen &#8211; mitnehmen und zu einem daf\u00fcr vorgesehenem Abfallbeh\u00e4lter bringen; stellen Sie Verschmutzungen an Ufern, den Gew\u00e4ssern oder Einleitung von sch\u00e4dlichen Abw\u00e4ssern fest, benachrichtigen Sie umgehend die zust\u00e4ndigen Beh\u00f6rden und melden Sie ihrer Beobachtung der DKV-Gesch\u00e4ftsstelle (Meldekarten liegen jedem DKV-Sportprogramm bei).<\/li>\n<li>Der DKV und seine Landesverb\u00e4nde geben Flu\u00dff\u00fchrer heraus. Unterst\u00fctzen Sie diese ehrenamtliche T\u00e4tigkeit durch Meldung von beobachteten \u00c4nderungen an Ihren Vereins-, Bezirks- oder Verbandswandersportwart oder direkt an die DKV-Gesch\u00e4ftsstelle.<\/li>\n<li>Zum Nachweis Ihrer sportlichen T\u00e4tigkeit und nicht zuletzt aus Sicherheitsgr\u00fcnden beachten Sie folgendes: Informieren Sie vor Fahrtantritt Vereinsangeh\u00f6rige, bzw. Bekannte \u00fcber Ihr Vorhaben und die R\u00fcckkehrzeit, auch ein Zettel am Schwarzen Brett oder eine Eintragung in das Vereinsfahrtenbuch sind notwendig. Daneben soll das pers\u00f6nlichen Fahrtenbuch von jedem Kanuwandersportler gef\u00fchrt werden.<\/li>\n<\/ol>\n<\/div>\n","protected":false},"excerpt":{"rendered":"<p>Kanu-Wandern Das Kanu-Wandern ist ein beliebter Sport f\u00fcr Alt und Jung, der im KCM traditionell sehr stark gepflegt wird. Bereits in den f\u00fcnfziger Jahren brachen Kanu-Wanderer des KCM mit gro\u00dfem\u2026 <a class=\"continue-reading-link\" href=\"https:\/\/kanu-club-mannheim.de\/?page_id=132\">Weiterlesen<\/a><\/p>\n","protected":false},"author":1,"featured_media":0,"parent":63,"menu_order":0,"comment_status":"closed","ping_status":"closed","template":"","meta":{"jetpack_post_was_ever_published":false,"footnotes":""},"class_list":["post-132","page","type-page","status-publish","hentry"],"jetpack_sharing_enabled":true,"jetpack_shortlink":"https:\/\/wp.me\/P53E6D-28","_links":{"self":[{"href":"https:\/\/kanu-club-mannheim.de\/index.php?rest_route=\/wp\/v2\/pages\/132","targetHints":{"allow":["GET"]}}],"collection":[{"href":"https:\/\/kanu-club-mannheim.de\/index.php?rest_route=\/wp\/v2\/pages"}],"about":[{"href":"https:\/\/kanu-club-mannheim.de\/index.php?rest_route=\/wp\/v2\/types\/page"}],"author":[{"embeddable":true,"href":"https:\/\/kanu-club-mannheim.de\/index.php?rest_route=\/wp\/v2\/users\/1"}],"replies":[{"embeddable":true,"href":"https:\/\/kanu-club-mannheim.de\/index.php?rest_route=%2Fwp%2Fv2%2Fcomments&post=132"}],"version-history":[{"count":11,"href":"https:\/\/kanu-club-mannheim.de\/index.php?rest_route=\/wp\/v2\/pages\/132\/revisions"}],"predecessor-version":[{"id":3191,"href":"https:\/\/kanu-club-mannheim.de\/index.php?rest_route=\/wp\/v2\/pages\/132\/revisions\/3191"}],"up":[{"embeddable":true,"href":"https:\/\/kanu-club-mannheim.de\/index.php?rest_route=\/wp\/v2\/pages\/63"}],"wp:attachment":[{"href":"https:\/\/kanu-club-mannheim.de\/index.php?rest_route=%2Fwp%2Fv2%2Fmedia&parent=132"}],"curies":[{"name":"wp","href":"https:\/\/api.w.org\/{rel}","templated":true}]}}